{"id":661,"date":"2025-07-11T09:29:52","date_gmt":"2025-07-11T09:29:52","guid":{"rendered":"https:\/\/fortidoor.com\/rodo\/"},"modified":"2025-10-12T20:53:11","modified_gmt":"2025-10-12T20:53:11","slug":"rodo","status":"publish","type":"page","link":"https:\/\/fortidoor.com\/pl\/rodo\/","title":{"rendered":"RODO"},"content":{"rendered":"<p>[et_pb_section fb_built=&#8221;1&#8243; _builder_version=&#8221;4.27.4&#8243; _module_preset=&#8221;default&#8221; global_colors_info=&#8221;{}&#8221;][et_pb_row _builder_version=&#8221;4.27.4&#8243; _module_preset=&#8221;default&#8221; global_colors_info=&#8221;{}&#8221;][et_pb_column type=&#8221;4_4&#8243; _builder_version=&#8221;4.27.4&#8243; _module_preset=&#8221;default&#8221; global_colors_info=&#8221;{}&#8221;][et_pb_text _builder_version=&#8221;4.27.4&#8243; _module_preset=&#8221;default&#8221; global_colors_info=&#8221;{}&#8221;]<\/p>\n<h1>Polityka prywatno\u015bci<\/h1>\n<p><span style=\"font-weight: 400;\">Traktujemy Twoj\u0105 prywatno\u015b\u0107 powa\u017cnie. Poni\u017cej przedstawiamy, jak przetwarzamy dane osobowe zgodnie z Rozporz\u0105dzeniem (UE) 2016\/679 (RODO). <\/span><\/p>\n<p><span style=\"font-weight: 400;\">Kim jeste\u015bmy<\/span><\/p>\n<p><span style=\"font-weight: 400;\">Administratorem danych osobowych jest <\/span><b>FortiDoor s.r.o.<\/b><span style=\"font-weight: 400;\">, NIP: 22119540, z siedzib\u0105 Na Zl\u00edchov\u011b 18, 152 00 Praha 5, wpisana do rejestru S\u0105du Miejskiego w Pradze pod nr C 411166.  <\/span><\/p>\n<p><span style=\"font-weight: 400;\">Przetwarzamy dane osobowe naszych klient\u00f3w, dostawc\u00f3w i partner\u00f3w w ramach zwyk\u0142ej dzia\u0142alno\u015bci gospodarczej \u2013 podczas realizacji specjalistycznych produkt\u00f3w technicznych, takich jak drzwi bezpiecze\u0144stwa i antyw\u0142amaniowe. <\/span><\/p>\n<p><span style=\"font-weight: 400;\">Jakie dane przetwarzamy<\/span><\/p>\n<p><span style=\"font-weight: 400;\">Przetwarzamy przede wszystkim nast\u0119puj\u0105ce dane:<\/span><\/p>\n<ul>\n<li style=\"font-weight: 400;\" aria-level=\"1\"><span style=\"font-weight: 400;\">dane identyfikacyjne i kontaktowe (np. imi\u0119 i nazwisko, adres, e-mail, telefon),<\/span><\/li>\n<li style=\"font-weight: 400;\" aria-level=\"1\"><span style=\"font-weight: 400;\">dane rozliczeniowe i umowne,<\/span><\/li>\n<li style=\"font-weight: 400;\" aria-level=\"1\"><span style=\"font-weight: 400;\">dane zwi\u0105zane z zam\u00f3wieniami i zapytaniami,<\/span><\/li>\n<li style=\"font-weight: 400;\" aria-level=\"1\"><span style=\"font-weight: 400;\">w przypadku wyra\u017cenia zgody, r\u00f3wnie\u017c preferencje marketingowe.<\/span><\/li>\n<\/ul>\n<p><span style=\"font-weight: 400;\">Dlaczego przetwarzamy dane<\/span><\/p>\n<p><span style=\"font-weight: 400;\">Twoje dane przetwarzamy g\u0142\u00f3wnie w celu:<\/span><\/p>\n<ul>\n<li style=\"font-weight: 400;\" aria-level=\"1\"><span style=\"font-weight: 400;\">realizacji umowy (np. budowy, dostawy),<\/span><\/li>\n<li style=\"font-weight: 400;\" aria-level=\"1\"><span style=\"font-weight: 400;\">wype\u0142nienia obowi\u0105zk\u00f3w prawnych (ksi\u0119gowo\u015b\u0107, podatki),<\/span><\/li>\n<li style=\"font-weight: 400;\" aria-level=\"1\"><span style=\"font-weight: 400;\">ochrony naszych roszcze\u0144 prawnych,<\/span><\/li>\n<li style=\"font-weight: 400;\" aria-level=\"1\"><span style=\"font-weight: 400;\">wysy\u0142ania informacji handlowych, je\u015bli jeste\u015b naszym klientem,<\/span><\/li>\n<li style=\"font-weight: 400;\" aria-level=\"1\"><span style=\"font-weight: 400;\">cel\u00f3w marketingowych \u2013 je\u015bli wyrazi\u0142e\u015b na to zgod\u0119.<\/span><\/li>\n<\/ul>\n<p><span style=\"font-weight: 400;\">Jak chronimy Twoje dane<\/span><\/p>\n<p><span style=\"font-weight: 400;\">Dane osobowe chronimy zar\u00f3wno technicznie, jak i organizacyjnie. Nie przekazujemy ich poza UE. Nie stosujemy automatycznego podejmowania decyzji ani profilowania. Wsp\u00f3\u0142pracujemy wy\u0142\u0105cznie ze sprawdzonymi podmiotami przetwarzaj\u0105cymi dane (np. obs\u0142uga IT, firma ksi\u0119gowa, przewo\u017anicy).   <\/span><\/p>\n<p>&nbsp;<\/p>\n<p>&nbsp;<\/p>\n<p>&nbsp;<\/p>\n<p><span style=\"font-weight: 400;\">Twoje prawa<\/span><\/p>\n<p><span style=\"font-weight: 400;\">Masz prawo do:<\/span><\/p>\n<ul>\n<li style=\"font-weight: 400;\" aria-level=\"1\"><span style=\"font-weight: 400;\">dost\u0119pu do swoich danych,<\/span><\/li>\n<li style=\"font-weight: 400;\" aria-level=\"1\"><span style=\"font-weight: 400;\">sprostowania lub usuni\u0119cia danych,<\/span><\/li>\n<li style=\"font-weight: 400;\" aria-level=\"1\"><span style=\"font-weight: 400;\">ograniczenia przetwarzania,<\/span><\/li>\n<li style=\"font-weight: 400;\" aria-level=\"1\"><span style=\"font-weight: 400;\">wniesienia sprzeciwu,<\/span><\/li>\n<li style=\"font-weight: 400;\" aria-level=\"1\"><span style=\"font-weight: 400;\">wycofania zgody,<\/span><\/li>\n<li style=\"font-weight: 400;\" aria-level=\"1\"><span style=\"font-weight: 400;\">z\u0142o\u017cenia skargi do Urz\u0119du Ochrony Danych Osobowych (<\/span><a href=\"http:\/\/www.uoou.cz\/\"><span style=\"font-weight: 400;\">www.uoou.cz<\/span><\/a><span style=\"font-weight: 400;\">).<\/span><\/li>\n<\/ul>\n<p><span style=\"font-weight: 400;\">W przypadku jakichkolwiek pyta\u0144 dotycz\u0105cych ochrony danych osobowych, prosimy o kontakt pod adresem <\/span><b>info@fortidoor.com<\/b><\/p>\n<p>[\/et_pb_text][\/et_pb_column][\/et_pb_row][\/et_pb_section]<\/p>\n","protected":false},"excerpt":{"rendered":"<p>Polityka prywatno\u015bci Traktujemy Twoj\u0105 prywatno\u015b\u0107 powa\u017cnie. Poni\u017cej przedstawiamy, jak przetwarzamy dane osobowe zgodnie z Rozporz\u0105dzeniem (UE) 2016\/679 (RODO). Kim jeste\u015bmy Administratorem danych osobowych jest FortiDoor s.r.o., NIP: 22119540, z siedzib\u0105 Na Zl\u00edchov\u011b 18, 152 00 Praha 5, wpisana do rejestru S\u0105du Miejskiego w Pradze pod nr C 411166. Przetwarzamy dane osobowe naszych klient\u00f3w, dostawc\u00f3w i [&hellip;]<\/p>\n","protected":false},"author":3,"featured_media":0,"parent":0,"menu_order":0,"comment_status":"closed","ping_status":"closed","template":"","meta":{"_et_pb_use_builder":"on","_et_pb_old_content":"","_et_gb_content_width":"","footnotes":""},"class_list":["post-661","page","type-page","status-publish","hentry"],"aioseo_notices":[],"_links":{"self":[{"href":"https:\/\/fortidoor.com\/pl\/wp-json\/wp\/v2\/pages\/661","targetHints":{"allow":["GET"]}}],"collection":[{"href":"https:\/\/fortidoor.com\/pl\/wp-json\/wp\/v2\/pages"}],"about":[{"href":"https:\/\/fortidoor.com\/pl\/wp-json\/wp\/v2\/types\/page"}],"author":[{"embeddable":true,"href":"https:\/\/fortidoor.com\/pl\/wp-json\/wp\/v2\/users\/3"}],"replies":[{"embeddable":true,"href":"https:\/\/fortidoor.com\/pl\/wp-json\/wp\/v2\/comments?post=661"}],"version-history":[{"count":1,"href":"https:\/\/fortidoor.com\/pl\/wp-json\/wp\/v2\/pages\/661\/revisions"}],"predecessor-version":[{"id":665,"href":"https:\/\/fortidoor.com\/pl\/wp-json\/wp\/v2\/pages\/661\/revisions\/665"}],"wp:attachment":[{"href":"https:\/\/fortidoor.com\/pl\/wp-json\/wp\/v2\/media?parent=661"}],"curies":[{"name":"wp","href":"https:\/\/api.w.org\/{rel}","templated":true}]}}