{"id":443,"date":"2025-04-03T09:19:44","date_gmt":"2025-04-03T09:19:44","guid":{"rendered":"https:\/\/fortidoor.com\/acknowledgements\/"},"modified":"2025-06-16T14:34:04","modified_gmt":"2025-06-16T14:34:04","slug":"acknowledgements","status":"publish","type":"page","link":"https:\/\/fortidoor.com\/en\/acknowledgements\/","title":{"rendered":"Thanks"},"content":{"rendered":"<p>[et_pb_section fb_built=&#8221;1&#8243; custom_padding_last_edited=&#8221;on|phone&#8221; _builder_version=&#8221;4.27.2&#8243; _module_preset=&#8221;default&#8221; use_background_color_gradient=&#8221;on&#8221; background_color_gradient_stops=&#8221;rgba(0,28,58,0.54) 1%|rgba(0,35,79,0.67) 99%&#8221; background_color_gradient_overlays_image=&#8221;on&#8221; background_image=&#8221;https:\/\/fortidoor.com\/wp-content\/uploads\/2024\/07\/vojak.jpg&#8221; background_video_mp4=&#8221;https:\/\/fortidoor.com\/wp-content\/uploads\/2024\/07\/bghead.mp4&#8243; background_video_width=&#8221;100%&#8221; background_video_height=&#8221;50%&#8221; custom_margin=&#8221;0px||0px||false|false&#8221; custom_padding=&#8221;39vh||39vh||true|false&#8221; custom_padding_tablet=&#8221;210px||160px||false|false&#8221; custom_padding_phone=&#8221;132px||160px||false|false&#8221; filter_hue_rotate=&#8221;218deg&#8221; animation_style=&#8221;fade&#8221; animation_duration=&#8221;800ms&#8221; animation_speed_curve=&#8221;ease&#8221; global_colors_info=&#8221;{}&#8221;][et_pb_row _builder_version=&#8221;4.17.6&#8243; _module_preset=&#8221;default&#8221; width=&#8221;90%&#8221; max_width=&#8221;1240px&#8221; custom_margin=&#8221;0px||0px||false|false&#8221; custom_margin_tablet=&#8221;0px||110px||false|false&#8221; custom_margin_phone=&#8221;0px||111px||false|false&#8221; custom_margin_last_edited=&#8221;on|tablet&#8221; custom_padding=&#8221;0px||0px||false|false&#8221; global_colors_info=&#8221;{}&#8221;][et_pb_column type=&#8221;4_4&#8243; _builder_version=&#8221;4.17.4&#8243; _module_preset=&#8221;default&#8221; global_colors_info=&#8221;{}&#8221;][et_pb_text _builder_version=&#8221;4.27.4&#8243; _module_preset=&#8221;default&#8221; header_font=&#8221;Barlow Condensed|300|||||||&#8221; header_text_align=&#8221;center&#8221; header_text_color=&#8221;#FFFFFF&#8221; header_font_size=&#8221;82px&#8221; header_letter_spacing=&#8221;4px&#8221; custom_margin=&#8221;0px||36px||false|false&#8221; custom_margin_tablet=&#8221;0px||30px||false|false&#8221; custom_margin_phone=&#8221;0px||15px||false|false&#8221; custom_margin_last_edited=&#8221;on|phone&#8221; custom_padding=&#8221;0px||0px||false|false&#8221; header_font_size_tablet=&#8221;83px&#8221; header_font_size_phone=&#8221;40px&#8221; header_font_size_last_edited=&#8221;on|phone&#8221; global_colors_info=&#8221;{}&#8221;]<\/p>\n<h1>Thank you for filling out the contact form!<\/h1>\n<p>[\/et_pb_text][et_pb_code _builder_version=&#8221;4.27.4&#8243; _module_preset=&#8221;default&#8221; hover_enabled=&#8221;0&#8243; sticky_enabled=&#8221;0&#8243;]<script type=\"text\/javascript\" src=\"https:\/\/c.seznam.cz\/js\/rc.js\"><\/script><!-- [et_pb_line_break_holder] --><script><!-- [et_pb_line_break_holder] -->  window.sznIVA.IS.updateIdentities({<!-- [et_pb_line_break_holder] -->    eid: null \/* email \u010di zahashovan\u00fd email*\/<!-- [et_pb_line_break_holder] -->  });<!-- [et_pb_line_break_holder] --><!-- [et_pb_line_break_holder] -->  var conversionConf = {<!-- [et_pb_line_break_holder] -->    id: 100247024, \/* identifik\u00e1tor konverze Sklik*\/<!-- [et_pb_line_break_holder] -->    value: null, \/* hodnota objedn\u00e1vky v K\u010d*\/<!-- [et_pb_line_break_holder] -->     <!-- [et_pb_line_break_holder] -->    consent: null \/* souhlas od n\u00e1v\u0161t\u011bvn\u00edka na odesl\u00e1n\u00ed konverzn\u00edho hitu, povolen\u00e9 hodnoty: 0 (nen\u00ed souhlas) nebo 1 (je souhlas) *\/<!-- [et_pb_line_break_holder] -->  };<!-- [et_pb_line_break_holder] -->  window.rc.conversionHit(conversionConf);<!-- [et_pb_line_break_holder] --><\/script>[\/et_pb_code][et_pb_button button_url=&#8221;@ET-DC@eyJkeW5hbWljIjp0cnVlLCJjb250ZW50IjoicG9zdF9saW5rX3VybF9wYWdlIiwic2V0dGluZ3MiOnsicG9zdF9pZCI6IjExIiwiZW5hYmxlX2h0bWwiOiJvZmYifX0=@&#8221; button_text=&#8221;Back to homepage&#8221; button_alignment=&#8221;center&#8221; _builder_version=&#8221;4.27.4&#8243; _dynamic_attributes=&#8221;button_url&#8221; _module_preset=&#8221;default&#8221; custom_button=&#8221;on&#8221; button_text_size=&#8221;15px&#8221; button_text_color=&#8221;#FFFFFF&#8221; button_bg_color=&#8221;#193573&#8243; button_border_width=&#8221;0px&#8221; button_border_color=&#8221;RGBA(255,255,255,0)&#8221; button_border_radius=&#8221;0px&#8221; button_letter_spacing=&#8221;2px&#8221; button_font=&#8221;Barlow Condensed|600|||||||&#8221; button_use_icon=&#8221;off&#8221; custom_margin=&#8221;0px||0px||false|false&#8221; custom_margin_tablet=&#8221;0px||40px||false|false&#8221; custom_margin_phone=&#8221;0px||40px||false|false&#8221; custom_margin_last_edited=&#8221;on|tablet&#8221; custom_padding=&#8221;14px|34px|14px|34px|true|false&#8221; locked=&#8221;off&#8221; global_colors_info=&#8221;{}&#8221; button_text_color__hover_enabled=&#8221;on|desktop&#8221; button_text_color__hover=&#8221;#FFFFFF&#8221; button_border_color__hover_enabled=&#8221;on|desktop&#8221; button_border_color__hover=&#8221;#193573&#8243; button_bg_color__hover_enabled=&#8221;on|hover&#8221; button_bg_color__hover=&#8221;#526487&#8243; button_bg_enable_color__hover=&#8221;on&#8221;][\/et_pb_button][\/et_pb_column][\/et_pb_row][\/et_pb_section]<\/p>\n","protected":false},"excerpt":{"rendered":"<p>Thank you for filling out the contact form!<\/p>\n","protected":false},"author":1,"featured_media":0,"parent":0,"menu_order":0,"comment_status":"closed","ping_status":"closed","template":"","meta":{"_et_pb_use_builder":"on","_et_pb_old_content":"","_et_gb_content_width":"","footnotes":""},"class_list":["post-443","page","type-page","status-publish","hentry"],"aioseo_notices":[],"_links":{"self":[{"href":"https:\/\/fortidoor.com\/en\/wp-json\/wp\/v2\/pages\/443","targetHints":{"allow":["GET"]}}],"collection":[{"href":"https:\/\/fortidoor.com\/en\/wp-json\/wp\/v2\/pages"}],"about":[{"href":"https:\/\/fortidoor.com\/en\/wp-json\/wp\/v2\/types\/page"}],"author":[{"embeddable":true,"href":"https:\/\/fortidoor.com\/en\/wp-json\/wp\/v2\/users\/1"}],"replies":[{"embeddable":true,"href":"https:\/\/fortidoor.com\/en\/wp-json\/wp\/v2\/comments?post=443"}],"version-history":[{"count":10,"href":"https:\/\/fortidoor.com\/en\/wp-json\/wp\/v2\/pages\/443\/revisions"}],"predecessor-version":[{"id":554,"href":"https:\/\/fortidoor.com\/en\/wp-json\/wp\/v2\/pages\/443\/revisions\/554"}],"wp:attachment":[{"href":"https:\/\/fortidoor.com\/en\/wp-json\/wp\/v2\/media?parent=443"}],"curies":[{"name":"wp","href":"https:\/\/api.w.org\/{rel}","templated":true}]}}