{"id":675,"date":"2025-07-11T09:29:52","date_gmt":"2025-07-11T09:29:52","guid":{"rendered":"https:\/\/fortidoor.com\/dsgvo\/"},"modified":"2025-10-12T20:53:51","modified_gmt":"2025-10-12T20:53:51","slug":"dsgvo","status":"publish","type":"page","link":"https:\/\/fortidoor.com\/de\/dsgvo\/","title":{"rendered":"DSGVO"},"content":{"rendered":"<p>[et_pb_section fb_built=&#8220;1&#8243; _builder_version=&#8220;4.27.4&#8243; _module_preset=&#8220;default&#8220; global_colors_info=&#8220;{}&#8220;][et_pb_row _builder_version=&#8220;4.27.4&#8243; _module_preset=&#8220;default&#8220; global_colors_info=&#8220;{}&#8220;][et_pb_column type=&#8220;4_4&#8243; _builder_version=&#8220;4.27.4&#8243; _module_preset=&#8220;default&#8220; global_colors_info=&#8220;{}&#8220;][et_pb_text _builder_version=&#8220;4.27.4&#8243; _module_preset=&#8220;default&#8220; global_colors_info=&#8220;{}&#8220;]<\/p>\n<h1>Datenschutzbestimmungen<\/h1>\n<p><span style=\"font-weight: 400;\">Wir nehmen Ihre Privatsph\u00e4re ernst. Im Folgenden fassen wir zusammen, wie wir mit personenbezogenen Daten in \u00dcbereinstimmung mit der Verordnung (EU) 2016\/679 (DSGVO) umgehen. <\/span><\/p>\n<p><span style=\"font-weight: 400;\">Wer wir sind<\/span><\/p>\n<p><span style=\"font-weight: 400;\">Der Verantwortliche f\u00fcr die personenbezogenen Daten ist <\/span><b>FortiDoor s.r.o.<\/b><span style=\"font-weight: 400;\">, Identifikationsnummer: 22119540, mit Sitz in Na Zl\u00edchov\u011b 18, 152 00 Praha 5, eingetragen beim Stadtgericht Prag unter der Aktennummer C 411166.  <\/span><\/p>\n<p><span style=\"font-weight: 400;\">Wir verarbeiten personenbezogene Daten unserer Kunden, Lieferanten und Partner im Rahmen der \u00fcblichen Gesch\u00e4ftst\u00e4tigkeit \u2013 also bei der Realisierung von spezialisierten technischen Produkten wie Sicherheits- und ballistischen T\u00fcren. <\/span><\/p>\n<p><span style=\"font-weight: 400;\">Welche Daten verarbeiten wir<\/span><\/p>\n<p><span style=\"font-weight: 400;\">Wir verarbeiten insbesondere folgende Daten:<\/span><\/p>\n<ul>\n<li style=\"font-weight: 400;\" aria-level=\"1\"><span style=\"font-weight: 400;\">Identifikations- und Kontaktdaten (z. B. Name, Adresse, E-Mail, Telefonnummer),<\/span><\/li>\n<li style=\"font-weight: 400;\" aria-level=\"1\"><span style=\"font-weight: 400;\">Rechnungs- und Vertragsdaten,<\/span><\/li>\n<li style=\"font-weight: 400;\" aria-level=\"1\"><span style=\"font-weight: 400;\">Daten im Zusammenhang mit Bestellungen und Anfragen,<\/span><\/li>\n<li style=\"font-weight: 400;\" aria-level=\"1\"><span style=\"font-weight: 400;\">im Falle einer Einwilligung auch Marketingpr\u00e4ferenzen.<\/span><\/li>\n<\/ul>\n<p><span style=\"font-weight: 400;\">Warum verarbeiten wir die Daten<\/span><\/p>\n<p><span style=\"font-weight: 400;\">Wir verarbeiten Ihre Daten insbesondere f\u00fcr:<\/span><\/p>\n<ul>\n<li style=\"font-weight: 400;\" aria-level=\"1\"><span style=\"font-weight: 400;\">die Erf\u00fcllung eines Vertrags (z. B. Bau, Lieferung),<\/span><\/li>\n<li style=\"font-weight: 400;\" aria-level=\"1\"><span style=\"font-weight: 400;\">die Erf\u00fcllung gesetzlicher Verpflichtungen (Buchhaltung, Steuern),<\/span><\/li>\n<li style=\"font-weight: 400;\" aria-level=\"1\"><span style=\"font-weight: 400;\">den Schutz unserer Rechtsanspr\u00fcche,<\/span><\/li>\n<li style=\"font-weight: 400;\" aria-level=\"1\"><span style=\"font-weight: 400;\">das Versenden von kommerziellen Mitteilungen, wenn Sie unser Kunde sind,<\/span><\/li>\n<li style=\"font-weight: 400;\" aria-level=\"1\"><span style=\"font-weight: 400;\">Marketingzwecke \u2013 wenn Sie uns Ihre Einwilligung dazu gegeben haben.<\/span><\/li>\n<\/ul>\n<p><span style=\"font-weight: 400;\">Wie sch\u00fctzen wir Ihre Daten<\/span><\/p>\n<p><span style=\"font-weight: 400;\">Wir sch\u00fctzen personenbezogene Daten technisch und organisatorisch. Wir geben sie nicht au\u00dferhalb der EU weiter. Wir verwenden keine automatisierte Entscheidungsfindung oder Profilerstellung. Wir arbeiten nur mit gepr\u00fcften Datenverarbeitern zusammen (z. B. IT-Administration, Buchhaltungsfirma, Spediteure).   <\/span><\/p>\n<p>&nbsp;<\/p>\n<p>&nbsp;<\/p>\n<p>&nbsp;<\/p>\n<p><span style=\"font-weight: 400;\">Ihre Rechte<\/span><\/p>\n<p><span style=\"font-weight: 400;\">Sie haben das Recht:<\/span><\/p>\n<ul>\n<li style=\"font-weight: 400;\" aria-level=\"1\"><span style=\"font-weight: 400;\">auf Zugang zu Ihren Daten,<\/span><\/li>\n<li style=\"font-weight: 400;\" aria-level=\"1\"><span style=\"font-weight: 400;\">auf Berichtigung oder L\u00f6schung,<\/span><\/li>\n<li style=\"font-weight: 400;\" aria-level=\"1\"><span style=\"font-weight: 400;\">auf Einschr\u00e4nkung der Verarbeitung,<\/span><\/li>\n<li style=\"font-weight: 400;\" aria-level=\"1\"><span style=\"font-weight: 400;\">Widerspruch einzulegen,<\/span><\/li>\n<li style=\"font-weight: 400;\" aria-level=\"1\"><span style=\"font-weight: 400;\">die Einwilligung zu widerrufen,<\/span><\/li>\n<li style=\"font-weight: 400;\" aria-level=\"1\"><span style=\"font-weight: 400;\">eine Beschwerde beim Amt f\u00fcr den Schutz personenbezogener Daten einzureichen (<\/span><a href=\"http:\/\/www.uoou.cz\/\"><span style=\"font-weight: 400;\">www.uoou.cz<\/span><\/a><span style=\"font-weight: 400;\">).<\/span><\/li>\n<\/ul>\n<p><span style=\"font-weight: 400;\">F\u00fcr Fragen zum Schutz personenbezogener Daten kontaktieren Sie uns bitte unter <\/span><b>info@fortidoor.com<\/b><\/p>\n<p>[\/et_pb_text][\/et_pb_column][\/et_pb_row][\/et_pb_section]<\/p>\n","protected":false},"excerpt":{"rendered":"<p>Datenschutzbestimmungen Wir nehmen Ihre Privatsph\u00e4re ernst. Im Folgenden fassen wir zusammen, wie wir mit personenbezogenen Daten in \u00dcbereinstimmung mit der Verordnung (EU) 2016\/679 (DSGVO) umgehen. Wer wir sind Der Verantwortliche f\u00fcr die personenbezogenen Daten ist FortiDoor s.r.o., Identifikationsnummer: 22119540, mit Sitz in Na Zl\u00edchov\u011b 18, 152 00 Praha 5, eingetragen beim Stadtgericht Prag unter der [&hellip;]<\/p>\n","protected":false},"author":3,"featured_media":0,"parent":0,"menu_order":0,"comment_status":"closed","ping_status":"closed","template":"","meta":{"_et_pb_use_builder":"on","_et_pb_old_content":"","_et_gb_content_width":"","footnotes":""},"class_list":["post-675","page","type-page","status-publish","hentry"],"aioseo_notices":[],"_links":{"self":[{"href":"https:\/\/fortidoor.com\/de\/wp-json\/wp\/v2\/pages\/675","targetHints":{"allow":["GET"]}}],"collection":[{"href":"https:\/\/fortidoor.com\/de\/wp-json\/wp\/v2\/pages"}],"about":[{"href":"https:\/\/fortidoor.com\/de\/wp-json\/wp\/v2\/types\/page"}],"author":[{"embeddable":true,"href":"https:\/\/fortidoor.com\/de\/wp-json\/wp\/v2\/users\/3"}],"replies":[{"embeddable":true,"href":"https:\/\/fortidoor.com\/de\/wp-json\/wp\/v2\/comments?post=675"}],"version-history":[{"count":1,"href":"https:\/\/fortidoor.com\/de\/wp-json\/wp\/v2\/pages\/675\/revisions"}],"predecessor-version":[{"id":678,"href":"https:\/\/fortidoor.com\/de\/wp-json\/wp\/v2\/pages\/675\/revisions\/678"}],"wp:attachment":[{"href":"https:\/\/fortidoor.com\/de\/wp-json\/wp\/v2\/media?parent=675"}],"curies":[{"name":"wp","href":"https:\/\/api.w.org\/{rel}","templated":true}]}}