{"id":558,"date":"2025-04-03T09:19:44","date_gmt":"2025-04-03T09:19:44","guid":{"rendered":"https:\/\/fortidoor.com\/danksagung\/"},"modified":"2025-06-16T14:34:06","modified_gmt":"2025-06-16T14:34:06","slug":"danksagung","status":"publish","type":"page","link":"https:\/\/fortidoor.com\/de\/danksagung\/","title":{"rendered":"Danksagung"},"content":{"rendered":"<p>[et_pb_section fb_built=&#8220;1&#8243; custom_padding_last_edited=&#8220;on|phone&#8220; _builder_version=&#8220;4.27.2&#8243; _module_preset=&#8220;default&#8220; use_background_color_gradient=&#8220;on&#8220; background_color_gradient_stops=&#8220;rgba(0,28,58,0.54) 1%|rgba(0,35,79,0.67) 99%&#8220; background_color_gradient_overlays_image=&#8220;on&#8220; background_image=&#8220;https:\/\/fortidoor.com\/wp-content\/uploads\/2024\/07\/vojak.jpg&#8220; background_video_mp4=&#8220;https:\/\/fortidoor.com\/wp-content\/uploads\/2024\/07\/bghead.mp4&#8243; background_video_width=&#8220;100%&#8220; background_video_height=&#8220;50%&#8220; custom_margin=&#8220;0px||0px||false|false&#8220; custom_padding=&#8220;39vh||39vh||true|false&#8220; custom_padding_tablet=&#8220;210px||160px||false|false&#8220; custom_padding_phone=&#8220;132px||160px||false|false&#8220; filter_hue_rotate=&#8220;218deg&#8220; animation_style=&#8220;fade&#8220; animation_duration=&#8220;800ms&#8220; animation_speed_curve=&#8220;ease&#8220; global_colors_info=&#8220;{}&#8220;][et_pb_row _builder_version=&#8220;4.17.6&#8243; _module_preset=&#8220;default&#8220; width=&#8220;90%&#8220; max_width=&#8220;1240px&#8220; custom_margin=&#8220;0px||0px||false|false&#8220; custom_margin_tablet=&#8220;0px||110px||false|false&#8220; custom_margin_phone=&#8220;0px||111px||false|false&#8220; custom_margin_last_edited=&#8220;on|tablet&#8220; custom_padding=&#8220;0px||0px||false|false&#8220; global_colors_info=&#8220;{}&#8220;][et_pb_column type=&#8220;4_4&#8243; _builder_version=&#8220;4.17.4&#8243; _module_preset=&#8220;default&#8220; global_colors_info=&#8220;{}&#8220;][et_pb_text _builder_version=&#8220;4.27.4&#8243; _module_preset=&#8220;default&#8220; header_font=&#8220;Barlow Condensed|300|||||||&#8220; header_text_align=&#8220;center&#8220; header_text_color=&#8220;#FFFFFF&#8220; header_font_size=&#8220;82px&#8220; header_letter_spacing=&#8220;4px&#8220; custom_margin=&#8220;0px||36px||false|false&#8220; custom_margin_tablet=&#8220;0px||30px||false|false&#8220; custom_margin_phone=&#8220;0px||15px||false|false&#8220; custom_margin_last_edited=&#8220;on|phone&#8220; custom_padding=&#8220;0px||0px||false|false&#8220; header_font_size_tablet=&#8220;83px&#8220; header_font_size_phone=&#8220;40px&#8220; header_font_size_last_edited=&#8220;on|phone&#8220; global_colors_info=&#8220;{}&#8220;]<\/p>\n<h1>Vielen Dank, dass Sie das Kontaktformular ausgef\u00fcllt haben!<\/h1>\n<p>[\/et_pb_text][et_pb_code _builder_version=&#8220;4.27.4&#8243; _module_preset=&#8220;default&#8220; hover_enabled=&#8220;0&#8243; sticky_enabled=&#8220;0&#8243;]<script type=\"text\/javascript\" src=\"https:\/\/c.seznam.cz\/js\/rc.js\"><\/script><!-- [et_pb_line_break_holder] --><script><!-- [et_pb_line_break_holder] -->  window.sznIVA.IS.updateIdentities({<!-- [et_pb_line_break_holder] -->    eid: null \/* email \u010di zahashovan\u00fd email*\/<!-- [et_pb_line_break_holder] -->  });<!-- [et_pb_line_break_holder] --><!-- [et_pb_line_break_holder] -->  var conversionConf = {<!-- [et_pb_line_break_holder] -->    id: 100247024, \/* identifik\u00e1tor konverze Sklik*\/<!-- [et_pb_line_break_holder] -->    value: null, \/* hodnota objedn\u00e1vky v K\u010d*\/<!-- [et_pb_line_break_holder] -->     <!-- [et_pb_line_break_holder] -->    consent: null \/* souhlas od n\u00e1v\u0161t\u011bvn\u00edka na odesl\u00e1n\u00ed konverzn\u00edho hitu, povolen\u00e9 hodnoty: 0 (nen\u00ed souhlas) nebo 1 (je souhlas) *\/<!-- [et_pb_line_break_holder] -->  };<!-- [et_pb_line_break_holder] -->  window.rc.conversionHit(conversionConf);<!-- [et_pb_line_break_holder] --><\/script>[\/et_pb_code][et_pb_button button_url=&#8220;@ET-DC@eyJkeW5hbWljIjp0cnVlLCJjb250ZW50IjoicG9zdF9saW5rX3VybF9wYWdlIiwic2V0dGluZ3MiOnsicG9zdF9pZCI6IjExIiwiZW5hYmxlX2h0bWwiOiJvZmYifX0=@&#8220; button_text=&#8220;Zur\u00fcck zur Startseite&#8220; button_alignment=&#8220;center&#8220; _builder_version=&#8220;4.27.4&#8243; _dynamic_attributes=&#8220;button_url&#8220; _module_preset=&#8220;default&#8220; custom_button=&#8220;on&#8220; button_text_size=&#8220;15px&#8220; button_text_color=&#8220;#FFFFFF&#8220; button_bg_color=&#8220;#193573&#8243; button_border_width=&#8220;0px&#8220; button_border_color=&#8220;RGBA(255,255,255,0)&#8220; button_border_radius=&#8220;0px&#8220; button_letter_spacing=&#8220;2px&#8220; button_font=&#8220;Barlow Condensed|600|||||||&#8220; button_use_icon=&#8220;off&#8220; custom_margin=&#8220;0px||0px||false|false&#8220; custom_margin_tablet=&#8220;0px||40px||false|false&#8220; custom_margin_phone=&#8220;0px||40px||false|false&#8220; custom_margin_last_edited=&#8220;on|tablet&#8220; custom_padding=&#8220;14px|34px|14px|34px|true|false&#8220; locked=&#8220;off&#8220; global_colors_info=&#8220;{}&#8220; button_text_color__hover_enabled=&#8220;on|desktop&#8220; button_text_color__hover=&#8220;#FFFFFF&#8220; button_border_color__hover_enabled=&#8220;on|desktop&#8220; button_border_color__hover=&#8220;#193573&#8243; button_bg_color__hover_enabled=&#8220;on|hover&#8220; button_bg_color__hover=&#8220;#526487&#8243; button_bg_enable_color__hover=&#8220;on&#8220;][\/et_pb_button][\/et_pb_column][\/et_pb_row][\/et_pb_section]<\/p>\n","protected":false},"excerpt":{"rendered":"<p>Vielen Dank, dass Sie das Kontaktformular ausgef\u00fcllt haben!<\/p>\n","protected":false},"author":1,"featured_media":0,"parent":0,"menu_order":0,"comment_status":"closed","ping_status":"closed","template":"","meta":{"_et_pb_use_builder":"on","_et_pb_old_content":"","_et_gb_content_width":"","footnotes":""},"class_list":["post-558","page","type-page","status-publish","hentry"],"aioseo_notices":[],"_links":{"self":[{"href":"https:\/\/fortidoor.com\/de\/wp-json\/wp\/v2\/pages\/558","targetHints":{"allow":["GET"]}}],"collection":[{"href":"https:\/\/fortidoor.com\/de\/wp-json\/wp\/v2\/pages"}],"about":[{"href":"https:\/\/fortidoor.com\/de\/wp-json\/wp\/v2\/types\/page"}],"author":[{"embeddable":true,"href":"https:\/\/fortidoor.com\/de\/wp-json\/wp\/v2\/users\/1"}],"replies":[{"embeddable":true,"href":"https:\/\/fortidoor.com\/de\/wp-json\/wp\/v2\/comments?post=558"}],"version-history":[{"count":2,"href":"https:\/\/fortidoor.com\/de\/wp-json\/wp\/v2\/pages\/558\/revisions"}],"predecessor-version":[{"id":560,"href":"https:\/\/fortidoor.com\/de\/wp-json\/wp\/v2\/pages\/558\/revisions\/560"}],"wp:attachment":[{"href":"https:\/\/fortidoor.com\/de\/wp-json\/wp\/v2\/media?parent=558"}],"curies":[{"name":"wp","href":"https:\/\/api.w.org\/{rel}","templated":true}]}}